{"id":111,"date":"2012-11-22T07:13:40","date_gmt":"2012-11-22T06:13:40","guid":{"rendered":"http:\/\/www.symablog.de\/blog\/?page_id=111"},"modified":"2014-12-03T19:28:45","modified_gmt":"2014-12-03T18:28:45","slug":"stephan-reinicke","status":"publish","type":"page","link":"https:\/\/www.symablog.de\/blog\/team\/stephan-reinicke\/","title":{"rendered":"Stephan Reinicke"},"content":{"rendered":"<p><a href=\"http:\/\/www.symablog.de\/blog\/?attachment_id=21\"><img loading=\"lazy\" decoding=\"async\" class=\"alignleft size-full wp-image-21\" title=\"profil_strein\" alt=\"\" src=\"http:\/\/www.symablog.de\/blog\/wp-content\/uploads\/profil_strein.jpg\" width=\"100\" height=\"130\" \/><\/a>Ich bin seit \u00fcber zwanzig Jahren in den verschiedenen Bereichen des Systems Management t\u00e4tig. In dieser Zeit haben sich mit den Technologien auch die Anforderungen entwickelt. Immer mehr Gesch\u00e4ftsprozesse entstehen auf Grundlage moderner IT Strukturen. Damit ist die IT als umfassender Dienstleister und als R\u00fcckrat des Unternehmens nicht wegzudenken.<\/p>\n<p>Schwerpunkte meiner T\u00e4tigkeit sind:<\/p>\n<ul>\n<li>Monitoring &#038; Eskalation Management<\/li>\n<li>System Automatisation<\/li>\n<li>Inventarisierung<\/li>\n<li>Software Distribution<\/li>\n<li>WebService Programming<\/li>\n<li>Grid Computing<\/li>\n<li>Server Administration<\/li>\n<\/ul>\n<p>mit den Produkten \/ Tools und Sprachen:<\/p>\n<ul>\n<li>IBM Tivoli Framework<\/li>\n<li>MS System Center Operations Manager (SCOM)<\/li>\n<li>BEM &#8211; BMC Event Manager<\/li>\n<li>Perl<\/li>\n<li>PHP, ASP<\/li>\n<\/ul>\n<p>Die Idee zu diesem Blog-Projekt entstand, als ich merkte, wie breit gestreut die Informationen zum Management verteilter Systemen im Internet sind. Auch gibt es an vielen Stellen und auch hier eher praktische Probleml\u00f6sungen, als \u00fcbersichtliche Darstellung und Definition von IT-Prozessen. Deshalb soll dieser Blog neben praktischen Tips auch eine \u00dcbersicht \u00fcber Systems Management, ITIL und die angrenzenden Aufgabenbereiche geben.<\/p>\n","protected":false},"excerpt":{"rendered":"<p>Ich bin seit \u00fcber zwanzig Jahren in den verschiedenen Bereichen des Systems Management t\u00e4tig. In dieser Zeit haben sich mit den Technologien auch die Anforderungen entwickelt. Immer mehr Gesch\u00e4ftsprozesse entstehen auf Grundlage moderner IT Strukturen. Damit ist die IT als &hellip; <a class=\"more-link\" href=\"https:\/\/www.symablog.de\/blog\/team\/stephan-reinicke\/\">Weiterlesen <span class=\"meta-nav\">&rarr;<\/span><\/a><\/p>\n","protected":false},"author":2,"featured_media":0,"parent":156,"menu_order":0,"comment_status":"closed","ping_status":"open","template":"","meta":{"jetpack_post_was_ever_published":false,"footnotes":""},"class_list":["post-111","page","type-page","status-publish","hentry"],"jetpack_sharing_enabled":true,"jetpack_shortlink":"https:\/\/wp.me\/P37Rzq-1N","_links":{"self":[{"href":"https:\/\/www.symablog.de\/blog\/wp-json\/wp\/v2\/pages\/111"}],"collection":[{"href":"https:\/\/www.symablog.de\/blog\/wp-json\/wp\/v2\/pages"}],"about":[{"href":"https:\/\/www.symablog.de\/blog\/wp-json\/wp\/v2\/types\/page"}],"author":[{"embeddable":true,"href":"https:\/\/www.symablog.de\/blog\/wp-json\/wp\/v2\/users\/2"}],"replies":[{"embeddable":true,"href":"https:\/\/www.symablog.de\/blog\/wp-json\/wp\/v2\/comments?post=111"}],"version-history":[{"count":23,"href":"https:\/\/www.symablog.de\/blog\/wp-json\/wp\/v2\/pages\/111\/revisions"}],"predecessor-version":[{"id":1015,"href":"https:\/\/www.symablog.de\/blog\/wp-json\/wp\/v2\/pages\/111\/revisions\/1015"}],"up":[{"embeddable":true,"href":"https:\/\/www.symablog.de\/blog\/wp-json\/wp\/v2\/pages\/156"}],"wp:attachment":[{"href":"https:\/\/www.symablog.de\/blog\/wp-json\/wp\/v2\/media?parent=111"}],"curies":[{"name":"wp","href":"https:\/\/api.w.org\/{rel}","templated":true}]}}