{"id":366,"date":"2013-03-22T11:49:04","date_gmt":"2013-03-22T10:49:04","guid":{"rendered":"http:\/\/www.symablog.de\/blog\/?page_id=366"},"modified":"2013-03-22T11:58:07","modified_gmt":"2013-03-22T10:58:07","slug":"christian-hover","status":"publish","type":"page","link":"https:\/\/www.symablog.de\/blog\/team\/christian-hover\/","title":{"rendered":"Christian Hover"},"content":{"rendered":"<p>&nbsp;<\/p>\n<p><img loading=\"lazy\" decoding=\"async\" class=\"wp-image-470 alignright\" alt=\"chr_hover\" src=\"http:\/\/www.symablog.de\/blog\/wp-content\/uploads\/chr_hover-232x300.jpg\" width=\"162\" height=\"210\" srcset=\"https:\/\/www.symablog.de\/blog\/wp-content\/uploads\/chr_hover-232x300.jpg 232w, https:\/\/www.symablog.de\/blog\/wp-content\/uploads\/chr_hover.jpg 793w\" sizes=\"(max-width: 162px) 100vw, 162px\" \/><\/p>\n<p>Seit \u00fcber 15 Jahren bin ich in der IT t\u00e4tig und habe mich in dieser Zeit mit einem vielf\u00e4ltigen Spektrum an Aufgaben befassen d\u00fcrfen. Dabei war ich viele Jahre bei einem gro\u00dfen Telekommunikationsunternehmen besch\u00e4ftigt und habe nunmehr in der Finanzbranche meine berufliche Heimat gefunden.<br \/>\nDie IT ist f\u00fcr mich stets ein interessantes Gebiet gewesen, welches auch dauerhaft durch Ver\u00e4nderungen und Weiterentwicklungen gepr\u00e4gt sein wird. Somit wird es spannend bleiben&#8230;<\/p>\n<p>Schwerpunkte meiner Kenntnisse und T\u00e4tigkeiten sind u.a.:<\/p>\n<p>&#8211; diverse Linux- und Unixderivate<br \/>\n&#8211; Clusterl\u00f6sungen<br \/>\n&#8211; Datensicherung<br \/>\n&#8211; Storage Area Network (SAN)<br \/>\n&#8211; Network Attached Storage (NAS)<br \/>\n&#8211; diverse Storagesubsysteme und Storage- Virtualisierung<br \/>\n&#8211; u.v.m.<\/p>\n","protected":false},"excerpt":{"rendered":"<p>&nbsp; Seit \u00fcber 15 Jahren bin ich in der IT t\u00e4tig und habe mich in dieser Zeit mit einem vielf\u00e4ltigen Spektrum an Aufgaben befassen d\u00fcrfen. Dabei war ich viele Jahre bei einem gro\u00dfen Telekommunikationsunternehmen besch\u00e4ftigt und habe nunmehr in der &hellip; <a class=\"more-link\" href=\"https:\/\/www.symablog.de\/blog\/team\/christian-hover\/\">Weiterlesen <span class=\"meta-nav\">&rarr;<\/span><\/a><\/p>\n","protected":false},"author":4,"featured_media":0,"parent":156,"menu_order":3,"comment_status":"closed","ping_status":"open","template":"","meta":{"jetpack_post_was_ever_published":false,"footnotes":""},"class_list":["post-366","page","type-page","status-publish","hentry"],"jetpack_sharing_enabled":true,"jetpack_shortlink":"https:\/\/wp.me\/P37Rzq-5U","_links":{"self":[{"href":"https:\/\/www.symablog.de\/blog\/wp-json\/wp\/v2\/pages\/366"}],"collection":[{"href":"https:\/\/www.symablog.de\/blog\/wp-json\/wp\/v2\/pages"}],"about":[{"href":"https:\/\/www.symablog.de\/blog\/wp-json\/wp\/v2\/types\/page"}],"author":[{"embeddable":true,"href":"https:\/\/www.symablog.de\/blog\/wp-json\/wp\/v2\/users\/4"}],"replies":[{"embeddable":true,"href":"https:\/\/www.symablog.de\/blog\/wp-json\/wp\/v2\/comments?post=366"}],"version-history":[{"count":13,"href":"https:\/\/www.symablog.de\/blog\/wp-json\/wp\/v2\/pages\/366\/revisions"}],"predecessor-version":[{"id":531,"href":"https:\/\/www.symablog.de\/blog\/wp-json\/wp\/v2\/pages\/366\/revisions\/531"}],"up":[{"embeddable":true,"href":"https:\/\/www.symablog.de\/blog\/wp-json\/wp\/v2\/pages\/156"}],"wp:attachment":[{"href":"https:\/\/www.symablog.de\/blog\/wp-json\/wp\/v2\/media?parent=366"}],"curies":[{"name":"wp","href":"https:\/\/api.w.org\/{rel}","templated":true}]}}