{"id":97,"date":"2012-11-20T16:53:08","date_gmt":"2012-11-20T15:53:08","guid":{"rendered":"http:\/\/www.symablog.de\/blog\/?page_id=97"},"modified":"2012-12-18T13:01:25","modified_gmt":"2012-12-18T12:01:25","slug":"quellenverzeichnis","status":"publish","type":"page","link":"https:\/\/www.symablog.de\/blog\/links\/quellenverzeichnis\/","title":{"rendered":"Quellenverzeichnis"},"content":{"rendered":"<p><strong>Bilder &amp; Grafiken<\/strong><br \/>\nBj\u00f6rn Kaninke &#8211; Fotoserie Motherboards<\/p>\n<p><strong>Impressum<\/strong><br \/>\nwww.eRecht24.de, dem Portal zum Internetrecht von Rechtsanwalt S\u00f6ren Siebert<\/p>\n<p><strong>Weitere Inhalte<\/strong><br \/>\n<strong>ITIL<\/strong><br \/>\nITIL Books <a href=\"http:\/\/www.itil.org.uk\/\" target=\"_blank\">http:\/\/www.itil.org.uk\/<\/a><br \/>\nWikipedia ITIL V3 <a href=\"http:\/\/de.wikipedia.org\/wiki\/ITIL\" target=\"_blank\">http:\/\/de.wikipedia.org\/wiki\/ITIL<\/a><br \/>\nWikipedia ITIL V3 Service Transition <a href=\"http:\/\/de.wikipedia.org\/wiki\/ITIL_V3_Service_Transition\" target=\"_blank\">http:\/\/de.wikipedia.org\/wiki\/ITIL_V3_Service_Transition<\/a><br \/>\nWikipedia ITIL V3 Continual Service Improvment <a href=\"http:\/\/de.wikipedia.org\/wiki\/ITIL_V3_Continual_Service_Improvement\" target=\"_blank\">http:\/\/de.wikipedia.org\/wiki\/ITIL_V3_Continual_Service_Improvement<\/a><br \/>\nWikipedia ITIL V3 Service Strategy <a href=\"http:\/\/de.wikipedia.org\/wiki\/ITIL_V3_Service_Strategy\" target=\"_blank\">http:\/\/de.wikipedia.org\/wiki\/ITIL_V3_Service_Strategy<\/a><br \/>\nWikipedia ITIL V3 Service Operation <a href=\"http:\/\/de.wikipedia.org\/wiki\/ITIL_V3_Service_Operation\" target=\"_blank\">http:\/\/de.wikipedia.org\/wiki\/ITIL_V3_Service_Operation<\/a><br \/>\nWikipedia ITIL V3 Service Design <a href=\"http:\/\/de.wikipedia.org\/wiki\/ITIL_V3_Service_Design\" target=\"_blank\">http:\/\/de.wikipedia.org\/wiki\/ITIL_V3_Service_Design<\/a><\/p>\n<p><strong>Gesch\u00fctzte Markennamen<\/strong><br \/>\nIBM\u00ae, Tivoli\u00ae und AIX\u00ae sind gesch\u00fctzte Markennamen der International Business Machines Corp., USA<br \/>\nITIL\u00ae ist gesch\u00fctzter Markenname der <a href=\"http:\/\/www.itil.org.uk\/\" target=\"_blank\">OGC<\/a> &#8211; the Office of Government Commerce.<br \/>\nSun\u00ae , Solaris\u00ae , Java\u00ae sind gesch\u00fctzte Markennamen der Sun Microsystems Inc., USA<br \/>\nOracle\u00ae ist gesch\u00fctzter Markenname der Oracle Corp., USA<br \/>\nLinux\u00ae ist gesch\u00fctzter Markenname von Linus Torvalds<br \/>\nHP-UX\u00ae ist gesch\u00fctzter Markenname der Hewlett Packard Company, USA<br \/>\nWindows\u00ae ist gesch\u00fctzter Markenname der Microsoft Corp, USA<br \/>\nAndere verwendete Firmen- oder verwendete Produktnamen sind m\u00f6glicherweise gesch\u00fctzt. Bitte teilen Sie uns mit, wenn Ihr Warenzeichen hier Erw\u00e4hnung finden soll.<\/p>\n","protected":false},"excerpt":{"rendered":"<p>Bilder &amp; Grafiken Bj\u00f6rn Kaninke &#8211; Fotoserie Motherboards Impressum www.eRecht24.de, dem Portal zum Internetrecht von Rechtsanwalt S\u00f6ren Siebert Weitere Inhalte ITIL ITIL Books http:\/\/www.itil.org.uk\/ Wikipedia ITIL V3 http:\/\/de.wikipedia.org\/wiki\/ITIL Wikipedia ITIL V3 Service Transition http:\/\/de.wikipedia.org\/wiki\/ITIL_V3_Service_Transition Wikipedia ITIL V3 Continual Service Improvment &hellip; <a class=\"more-link\" href=\"https:\/\/www.symablog.de\/blog\/links\/quellenverzeichnis\/\">Weiterlesen <span class=\"meta-nav\">&rarr;<\/span><\/a><\/p>\n","protected":false},"author":2,"featured_media":0,"parent":82,"menu_order":2,"comment_status":"closed","ping_status":"closed","template":"","meta":{"jetpack_post_was_ever_published":false,"footnotes":""},"class_list":["post-97","page","type-page","status-publish","hentry"],"jetpack_sharing_enabled":true,"jetpack_shortlink":"https:\/\/wp.me\/P37Rzq-1z","_links":{"self":[{"href":"https:\/\/www.symablog.de\/blog\/wp-json\/wp\/v2\/pages\/97"}],"collection":[{"href":"https:\/\/www.symablog.de\/blog\/wp-json\/wp\/v2\/pages"}],"about":[{"href":"https:\/\/www.symablog.de\/blog\/wp-json\/wp\/v2\/types\/page"}],"author":[{"embeddable":true,"href":"https:\/\/www.symablog.de\/blog\/wp-json\/wp\/v2\/users\/2"}],"replies":[{"embeddable":true,"href":"https:\/\/www.symablog.de\/blog\/wp-json\/wp\/v2\/comments?post=97"}],"version-history":[{"count":14,"href":"https:\/\/www.symablog.de\/blog\/wp-json\/wp\/v2\/pages\/97\/revisions"}],"predecessor-version":[{"id":297,"href":"https:\/\/www.symablog.de\/blog\/wp-json\/wp\/v2\/pages\/97\/revisions\/297"}],"up":[{"embeddable":true,"href":"https:\/\/www.symablog.de\/blog\/wp-json\/wp\/v2\/pages\/82"}],"wp:attachment":[{"href":"https:\/\/www.symablog.de\/blog\/wp-json\/wp\/v2\/media?parent=97"}],"curies":[{"name":"wp","href":"https:\/\/api.w.org\/{rel}","templated":true}]}}